{"id":408,"date":"2024-03-18T21:03:06","date_gmt":"2024-03-18T19:03:06","guid":{"rendered":"https:\/\/partnersafe.eu\/?page_id=408"},"modified":"2025-03-24T15:32:53","modified_gmt":"2025-03-24T13:32:53","slug":"kontakti","status":"publish","type":"page","link":"https:\/\/partnersafe.eu\/lv\/kontakti\/","title":{"rendered":"Kontakti"},"content":{"rendered":"\n<div class=\"wp-block-group is-vertical is-content-justification-left is-layout-flex wp-container-core-group-is-layout-1 wp-block-group-is-layout-flex\">\n<h4 class=\"wp-block-heading\">Klientu apkalpo\u0161ana<\/h4>\n\n\n\n<ul class=\"wp-block-list\">\n<li><strong>P\u0101rdo\u0161anas komanda<br><\/strong><a href=\"mailto:info@partnersafe.eu\">info@partnersafe.eu<\/a><\/li>\n\n\n\n<li><strong>Atbalsta komanda<br><\/strong><a href=\"mailto:support@partnersafe.eu\">support@partnersafe.eu<\/a><br><a href=\"tel:+37125471833\">+371 25 471 833<\/a><\/li>\n<\/ul>\n\n\n\n<h4 class=\"wp-block-heading\">Sadarb\u012bbas partneris NILLN.LV<\/h4>\n\n\n\n<ul class=\"wp-block-list\">\n<li><a href=\"https:\/\/nilln.lv\/lv\/blogs\/\" target=\"_blank\" rel=\"noreferrer noopener\">NILLN.LV blogs<\/a><\/li>\n\n\n\n<li><a href=\"https:\/\/www.facebook.com\/nilln.lv\" target=\"_blank\" rel=\"noreferrer noopener\">NILLN.LV Facebook<\/a><\/li>\n\n\n\n<li><a href=\"https:\/\/www.facebook.com\/groups\/nilltpfn\" target=\"_blank\" rel=\"noreferrer noopener\">NILLTPFN likuma subjekti<\/a><\/li>\n<\/ul>\n\n\n\n<h4 class=\"wp-block-heading\">Soci\u0101lie t\u012bkli<\/h4>\n\n\n\n<ul class=\"wp-block-list\">\n<li><a href=\"https:\/\/www.linkedin.com\/showcase\/partnersafe\/\" target=\"_blank\" rel=\"noreferrer noopener\">LinkedIn<\/a><\/li>\n\n\n\n<li><a href=\"https:\/\/www.facebook.com\/partnersafe.eu\" target=\"_blank\" rel=\"noreferrer noopener\">Facebook<\/a><\/li>\n\n\n\n<li><a href=\"https:\/\/www.youtube.com\/@partnersafe\" target=\"_blank\" rel=\"noreferrer noopener\">YouTube<\/a><\/li>\n<\/ul>\n\n\n\n<h4 class=\"wp-block-heading\">Uz\u0146\u0113muma inform\u0101cija<\/h4>\n\n\n\n<p>SIA \u201cCapitax PRO\u201d<br>Re\u0123. Nr. 40203391670, Latvija<br>PVN Nr. LV40203391670<br>Dzirnavu iela 87, R\u012bga, LV-1011<br>Vietne:&nbsp;<a href=\"https:\/\/capitax.eu\/\" target=\"_blank\" rel=\"noreferrer noopener\">capitax.eu<\/a><br>Kontakti:&nbsp;<a href=\"mailto:info@capitax.eu\">info@capitax.eu<\/a>, <a href=\"tel:+37127996384\">+371 27 996 384<\/a><\/p>\n\n\n\n<div style=\"height:19px\" aria-hidden=\"true\" class=\"wp-block-spacer wp-container-content-1\"><\/div>\n<\/div>\n","protected":false},"excerpt":{"rendered":"<p>Klientu apkalpo\u0161ana Sadarb\u012bbas partneris NILLN.LV Soci\u0101lie t\u012bkli Uz\u0146\u0113muma inform\u0101cija SIA \u201cCapitax PRO\u201dRe\u0123. Nr. 40203391670, LatvijaPVN Nr. LV40203391670Dzirnavu iela 87, R\u012bga, LV-1011Vietne:&nbsp;capitax.euKontakti:&nbsp;info@capitax.eu, +371 27 996 384<\/p>\n","protected":false},"author":1,"featured_media":0,"parent":0,"menu_order":0,"comment_status":"closed","ping_status":"closed","template":"","meta":{"footnotes":""},"class_list":["post-408","page","type-page","status-publish","hentry"],"yoast_head":"<!-- This site is optimized with the Yoast SEO plugin v21.7 - https:\/\/yoast.com\/wordpress\/plugins\/seo\/ -->\n<title>Kontakti &#8211; PARTNERsafe<\/title>\n<meta name=\"robots\" content=\"index, follow, max-snippet:-1, max-image-preview:large, max-video-preview:-1\" \/>\n<link rel=\"canonical\" href=\"https:\/\/partnersafe.eu\/lv\/kontakti\/\" \/>\n<meta property=\"og:locale\" content=\"lv_LV\" \/>\n<meta property=\"og:type\" content=\"article\" \/>\n<meta property=\"og:title\" content=\"Kontakti &#8211; PARTNERsafe\" \/>\n<meta property=\"og:description\" content=\"Klientu apkalpo\u0161ana Sadarb\u012bbas partneris NILLN.LV Soci\u0101lie t\u012bkli Uz\u0146\u0113muma inform\u0101cija SIA \u201cCapitax PRO\u201dRe\u0123. Nr. 40203391670, LatvijaPVN Nr. LV40203391670Dzirnavu iela 87, R\u012bga, LV-1011Vietne:&nbsp;capitax.euKontakti:&nbsp;info@capitax.eu, +371 27 996 384\" \/>\n<meta property=\"og:url\" content=\"https:\/\/partnersafe.eu\/lv\/kontakti\/\" \/>\n<meta property=\"og:site_name\" content=\"PARTNERsafe\" \/>\n<meta property=\"article:publisher\" content=\"https:\/\/www.facebook.com\/partnersafe.eu\" \/>\n<meta property=\"article:modified_time\" content=\"2025-03-24T13:32:53+00:00\" \/>\n<meta name=\"twitter:card\" content=\"summary_large_image\" \/>\n<meta name=\"twitter:label1\" content=\"Est. reading time\" \/>\n\t<meta name=\"twitter:data1\" content=\"1 minute\" \/>\n<script type=\"application\/ld+json\" class=\"yoast-schema-graph\">{\"@context\":\"https:\/\/schema.org\",\"@graph\":[{\"@type\":\"WebPage\",\"@id\":\"https:\/\/partnersafe.eu\/lv\/kontakti\/\",\"url\":\"https:\/\/partnersafe.eu\/lv\/kontakti\/\",\"name\":\"Kontakti &#8211; PARTNERsafe\",\"isPartOf\":{\"@id\":\"https:\/\/partnersafe.eu\/#website\"},\"datePublished\":\"2024-03-18T19:03:06+00:00\",\"dateModified\":\"2025-03-24T13:32:53+00:00\",\"breadcrumb\":{\"@id\":\"https:\/\/partnersafe.eu\/lv\/kontakti\/#breadcrumb\"},\"inLanguage\":\"lv-LV\",\"potentialAction\":[{\"@type\":\"ReadAction\",\"target\":[\"https:\/\/partnersafe.eu\/lv\/kontakti\/\"]}]},{\"@type\":\"BreadcrumbList\",\"@id\":\"https:\/\/partnersafe.eu\/lv\/kontakti\/#breadcrumb\",\"itemListElement\":[{\"@type\":\"ListItem\",\"position\":1,\"name\":\"Home\",\"item\":\"https:\/\/partnersafe.eu\/\"},{\"@type\":\"ListItem\",\"position\":2,\"name\":\"Kontakti\"}]},{\"@type\":\"WebSite\",\"@id\":\"https:\/\/partnersafe.eu\/#website\",\"url\":\"https:\/\/partnersafe.eu\/\",\"name\":\"PARTNERsafe risk management platform\",\"description\":\"Cooperation. Sanctions. Due diligence.\",\"publisher\":{\"@id\":\"https:\/\/partnersafe.eu\/#organization\"},\"alternateName\":\"PARTNERsafe\",\"potentialAction\":[{\"@type\":\"SearchAction\",\"target\":{\"@type\":\"EntryPoint\",\"urlTemplate\":\"https:\/\/partnersafe.eu\/?s={search_term_string}\"},\"query-input\":\"required name=search_term_string\"}],\"inLanguage\":\"lv-LV\"},{\"@type\":\"Organization\",\"@id\":\"https:\/\/partnersafe.eu\/#organization\",\"name\":\"PARTNERsafe\",\"url\":\"https:\/\/partnersafe.eu\/\",\"logo\":{\"@type\":\"ImageObject\",\"inLanguage\":\"lv-LV\",\"@id\":\"https:\/\/partnersafe.eu\/#\/schema\/logo\/image\/\",\"url\":\"https:\/\/partnersafe.eu\/wp-content\/uploads\/2024\/03\/icon-2.png\",\"contentUrl\":\"https:\/\/partnersafe.eu\/wp-content\/uploads\/2024\/03\/icon-2.png\",\"width\":5304,\"height\":5304,\"caption\":\"PARTNERsafe\"},\"image\":{\"@id\":\"https:\/\/partnersafe.eu\/#\/schema\/logo\/image\/\"},\"sameAs\":[\"https:\/\/www.facebook.com\/partnersafe.eu\",\"https:\/\/www.linkedin.com\/showcase\/partnersafe\/\",\"https:\/\/www.youtube.com\/channel\/UC8ChUDFjIJvzVSfWe2-pSig\"]}]}<\/script>\n<!-- \/ Yoast SEO plugin. -->","yoast_head_json":{"title":"Kontakti &#8211; PARTNERsafe","robots":{"index":"index","follow":"follow","max-snippet":"max-snippet:-1","max-image-preview":"max-image-preview:large","max-video-preview":"max-video-preview:-1"},"canonical":"https:\/\/partnersafe.eu\/lv\/kontakti\/","og_locale":"lv_LV","og_type":"article","og_title":"Kontakti &#8211; PARTNERsafe","og_description":"Klientu apkalpo\u0161ana Sadarb\u012bbas partneris NILLN.LV Soci\u0101lie t\u012bkli Uz\u0146\u0113muma inform\u0101cija SIA \u201cCapitax PRO\u201dRe\u0123. Nr. 40203391670, LatvijaPVN Nr. LV40203391670Dzirnavu iela 87, R\u012bga, LV-1011Vietne:&nbsp;capitax.euKontakti:&nbsp;info@capitax.eu, +371 27 996 384","og_url":"https:\/\/partnersafe.eu\/lv\/kontakti\/","og_site_name":"PARTNERsafe","article_publisher":"https:\/\/www.facebook.com\/partnersafe.eu","article_modified_time":"2025-03-24T13:32:53+00:00","twitter_card":"summary_large_image","twitter_misc":{"Est. reading time":"1 minute"},"schema":{"@context":"https:\/\/schema.org","@graph":[{"@type":"WebPage","@id":"https:\/\/partnersafe.eu\/lv\/kontakti\/","url":"https:\/\/partnersafe.eu\/lv\/kontakti\/","name":"Kontakti &#8211; PARTNERsafe","isPartOf":{"@id":"https:\/\/partnersafe.eu\/#website"},"datePublished":"2024-03-18T19:03:06+00:00","dateModified":"2025-03-24T13:32:53+00:00","breadcrumb":{"@id":"https:\/\/partnersafe.eu\/lv\/kontakti\/#breadcrumb"},"inLanguage":"lv-LV","potentialAction":[{"@type":"ReadAction","target":["https:\/\/partnersafe.eu\/lv\/kontakti\/"]}]},{"@type":"BreadcrumbList","@id":"https:\/\/partnersafe.eu\/lv\/kontakti\/#breadcrumb","itemListElement":[{"@type":"ListItem","position":1,"name":"Home","item":"https:\/\/partnersafe.eu\/"},{"@type":"ListItem","position":2,"name":"Kontakti"}]},{"@type":"WebSite","@id":"https:\/\/partnersafe.eu\/#website","url":"https:\/\/partnersafe.eu\/","name":"PARTNERsafe risk management platform","description":"Cooperation. Sanctions. Due diligence.","publisher":{"@id":"https:\/\/partnersafe.eu\/#organization"},"alternateName":"PARTNERsafe","potentialAction":[{"@type":"SearchAction","target":{"@type":"EntryPoint","urlTemplate":"https:\/\/partnersafe.eu\/?s={search_term_string}"},"query-input":"required name=search_term_string"}],"inLanguage":"lv-LV"},{"@type":"Organization","@id":"https:\/\/partnersafe.eu\/#organization","name":"PARTNERsafe","url":"https:\/\/partnersafe.eu\/","logo":{"@type":"ImageObject","inLanguage":"lv-LV","@id":"https:\/\/partnersafe.eu\/#\/schema\/logo\/image\/","url":"https:\/\/partnersafe.eu\/wp-content\/uploads\/2024\/03\/icon-2.png","contentUrl":"https:\/\/partnersafe.eu\/wp-content\/uploads\/2024\/03\/icon-2.png","width":5304,"height":5304,"caption":"PARTNERsafe"},"image":{"@id":"https:\/\/partnersafe.eu\/#\/schema\/logo\/image\/"},"sameAs":["https:\/\/www.facebook.com\/partnersafe.eu","https:\/\/www.linkedin.com\/showcase\/partnersafe\/","https:\/\/www.youtube.com\/channel\/UC8ChUDFjIJvzVSfWe2-pSig"]}]}},"_links":{"self":[{"href":"https:\/\/partnersafe.eu\/lv\/wp-json\/wp\/v2\/pages\/408","targetHints":{"allow":["GET"]}}],"collection":[{"href":"https:\/\/partnersafe.eu\/lv\/wp-json\/wp\/v2\/pages"}],"about":[{"href":"https:\/\/partnersafe.eu\/lv\/wp-json\/wp\/v2\/types\/page"}],"author":[{"embeddable":true,"href":"https:\/\/partnersafe.eu\/lv\/wp-json\/wp\/v2\/users\/1"}],"replies":[{"embeddable":true,"href":"https:\/\/partnersafe.eu\/lv\/wp-json\/wp\/v2\/comments?post=408"}],"version-history":[{"count":13,"href":"https:\/\/partnersafe.eu\/lv\/wp-json\/wp\/v2\/pages\/408\/revisions"}],"predecessor-version":[{"id":1285,"href":"https:\/\/partnersafe.eu\/lv\/wp-json\/wp\/v2\/pages\/408\/revisions\/1285"}],"wp:attachment":[{"href":"https:\/\/partnersafe.eu\/lv\/wp-json\/wp\/v2\/media?parent=408"}],"curies":[{"name":"wp","href":"https:\/\/api.w.org\/{rel}","templated":true}]}}